{"id":96,"date":"2017-09-06T16:06:33","date_gmt":"2017-09-06T14:06:33","guid":{"rendered":"http:\/\/multiboxeantibes.com\/?page_id=96"},"modified":"2022-08-25T18:38:13","modified_gmt":"2022-08-25T16:38:13","slug":"lenseignant","status":"publish","type":"page","link":"https:\/\/multiboxeantibes.com\/index.php\/lenseignant\/","title":{"rendered":"L&rsquo;enseignant"},"content":{"rendered":"<h1><span style=\"color: #000080;\">L&rsquo;enseignant<\/span><\/h1>\n<hr \/>\n<p><img loading=\"lazy\" decoding=\"async\" class=\"aligncenter wp-image-218 size-large\" src=\"https:\/\/multiboxeantibes.com\/wp-content\/uploads\/2021\/05\/FB_IMG_1576922216451-1024x683.jpg\" alt=\"\" width=\"525\" height=\"350\" srcset=\"https:\/\/multiboxeantibes.com\/wp-content\/uploads\/2021\/05\/FB_IMG_1576922216451-1024x683.jpg 1024w, https:\/\/multiboxeantibes.com\/wp-content\/uploads\/2021\/05\/FB_IMG_1576922216451-300x200.jpg 300w, https:\/\/multiboxeantibes.com\/wp-content\/uploads\/2021\/05\/FB_IMG_1576922216451-768x512.jpg 768w, https:\/\/multiboxeantibes.com\/wp-content\/uploads\/2021\/05\/FB_IMG_1576922216451.jpg 1080w\" sizes=\"auto, (max-width: 525px) 100vw, 525px\" \/>L\u2019entra\u00eeneur principal et fondateur du club est Maxence HOTTE.<\/p>\n<p>Maxence est BPJEPS activit\u00e9s pugilistiques mention Sports de Contacts : Full Contact, Kickboxing et Muay Tha\u00ef , il d\u00e9tient aussi le Brevet de Moniteur F\u00e9d\u00e9ral 3\u00b0.<\/p>\n<p>Depuis son plus jeune \u00e2ge Maxence est passionn\u00e9 d&rsquo;arts martiaux, cependant apr\u00e8s avoir pratiqu\u00e9 de nombreux sports il commence les sports de combats \u00e0 l&rsquo;\u00e2ge de 17 ans.<\/p>\n<p>Il d\u00e9bute par le Krav Maga, au sein de la F\u00e9d\u00e9ration Europ\u00e9enne de Krav Maga dont le fondateur et repr\u00e9sentant est Richard Douieb. Maxence est \u00e0 ce jour Ceinture Noire 3\u00e8me Darga et assure les cours pour Krav Maga PACA et Krav Maga M\u00e9dit\u00e9rran\u00e9e depuis maintenant plus de 5 ans.<\/p>\n<p>En parall\u00e8le, Maxence continue de se passionner pour les arts martiaux et d\u00e9cide de pratiquer dans diff\u00e9rents clubs de la r\u00e9gion.<\/p>\n<p>Il \u00e0 pratiqu\u00e9 notamment la boxe fran\u00e7aise au Savate Club Laurentin sous la direction de Ludovic Fornes (champion d&rsquo;Europe et champion du monde de Savate), le MMA (Mixed Martial Arts, m\u00e9lange des sports pieds\/poings, de lutte et de grappling) au sein du Boxing Squad dirig\u00e9 par Aldric Cassata combattant professionnel reconnu.<\/p>\n<p>A ce jour Maxence est comp\u00e9titeur dans l&rsquo;\u00e9quipe Professionnelle de MMA du Boxing Squad dirig\u00e9 par Aldric Cassata.<\/p>\n<p>Maxence \u00e0 combattu en K1 dans diverses comp\u00e9titions amateurs et semi pro r\u00e9gionales, nationales et europ\u00e9ennes. Son palmar\u00e8s en pieds poings est de 30 combats pour 20 victoires.<\/p>\n\n\n<p><br><\/p>\n","protected":false},"excerpt":{"rendered":"<p>L&rsquo;enseignant L\u2019entra\u00eeneur principal et fondateur du club est Maxence HOTTE. Maxence est BPJEPS activit\u00e9s pugilistiques mention Sports de Contacts : Full Contact, Kickboxing et Muay Tha\u00ef , il d\u00e9tient aussi le Brevet de Moniteur F\u00e9d\u00e9ral 3\u00b0. Depuis son plus jeune \u00e2ge Maxence est passionn\u00e9 d&rsquo;arts martiaux, cependant apr\u00e8s avoir pratiqu\u00e9 de nombreux sports il commence &hellip; <\/p>\n<p class=\"link-more\"><a href=\"https:\/\/multiboxeantibes.com\/index.php\/lenseignant\/\" class=\"more-link\">Continuer la lecture<span class=\"screen-reader-text\"> de &laquo;&nbsp;L&rsquo;enseignant&nbsp;&raquo;<\/span><\/a><\/p>\n","protected":false},"author":1,"featured_media":217,"parent":0,"menu_order":0,"comment_status":"closed","ping_status":"closed","template":"","meta":{"footnotes":""},"class_list":["post-96","page","type-page","status-publish","has-post-thumbnail","hentry"],"_links":{"self":[{"href":"https:\/\/multiboxeantibes.com\/index.php\/wp-json\/wp\/v2\/pages\/96","targetHints":{"allow":["GET"]}}],"collection":[{"href":"https:\/\/multiboxeantibes.com\/index.php\/wp-json\/wp\/v2\/pages"}],"about":[{"href":"https:\/\/multiboxeantibes.com\/index.php\/wp-json\/wp\/v2\/types\/page"}],"author":[{"embeddable":true,"href":"https:\/\/multiboxeantibes.com\/index.php\/wp-json\/wp\/v2\/users\/1"}],"replies":[{"embeddable":true,"href":"https:\/\/multiboxeantibes.com\/index.php\/wp-json\/wp\/v2\/comments?post=96"}],"version-history":[{"count":9,"href":"https:\/\/multiboxeantibes.com\/index.php\/wp-json\/wp\/v2\/pages\/96\/revisions"}],"predecessor-version":[{"id":240,"href":"https:\/\/multiboxeantibes.com\/index.php\/wp-json\/wp\/v2\/pages\/96\/revisions\/240"}],"wp:featuredmedia":[{"embeddable":true,"href":"https:\/\/multiboxeantibes.com\/index.php\/wp-json\/wp\/v2\/media\/217"}],"wp:attachment":[{"href":"https:\/\/multiboxeantibes.com\/index.php\/wp-json\/wp\/v2\/media?parent=96"}],"curies":[{"name":"wp","href":"https:\/\/api.w.org\/{rel}","templated":true}]}}