{"id":9,"date":"2017-09-05T17:57:51","date_gmt":"2017-09-05T15:57:51","guid":{"rendered":"http:\/\/multiboxeantibes.com\/?page_id=9"},"modified":"2021-05-16T21:54:42","modified_gmt":"2021-05-16T19:54:42","slug":"contact","status":"publish","type":"page","link":"https:\/\/multiboxeantibes.com\/index.php\/contact\/","title":{"rendered":"Contact"},"content":{"rendered":"<p>Notre association dispense aussi des cours particuliers, des cours collectifs ou des stages aupr\u00e8s de soci\u00e9t\u00e9s, comit\u00e9s d&rsquo;entreprises et associations. Pour toutes vos questions n&rsquo;h\u00e9sitez pas \u00e0 nous contacter:<\/p>\n<p>par e-mail : clubmultiboxeantibes@gmail.com<\/p>\n<p>au t\u00e9l\u00e9phone : +33686000261<\/p>\n<p>Nous allons vous r\u00e9pondre rapidement!<\/p>\n","protected":false},"excerpt":{"rendered":"<p>Notre association dispense aussi des cours particuliers, des cours collectifs ou des stages aupr\u00e8s de soci\u00e9t\u00e9s, comit\u00e9s d&rsquo;entreprises et associations. Pour toutes vos questions n&rsquo;h\u00e9sitez pas \u00e0 nous contacter: par e-mail : clubmultiboxeantibes@gmail.com au t\u00e9l\u00e9phone : +33686000261 Nous allons vous r\u00e9pondre rapidement!<\/p>\n","protected":false},"author":1,"featured_media":0,"parent":0,"menu_order":0,"comment_status":"closed","ping_status":"closed","template":"","meta":{"footnotes":""},"class_list":["post-9","page","type-page","status-publish","hentry"],"_links":{"self":[{"href":"https:\/\/multiboxeantibes.com\/index.php\/wp-json\/wp\/v2\/pages\/9","targetHints":{"allow":["GET"]}}],"collection":[{"href":"https:\/\/multiboxeantibes.com\/index.php\/wp-json\/wp\/v2\/pages"}],"about":[{"href":"https:\/\/multiboxeantibes.com\/index.php\/wp-json\/wp\/v2\/types\/page"}],"author":[{"embeddable":true,"href":"https:\/\/multiboxeantibes.com\/index.php\/wp-json\/wp\/v2\/users\/1"}],"replies":[{"embeddable":true,"href":"https:\/\/multiboxeantibes.com\/index.php\/wp-json\/wp\/v2\/comments?post=9"}],"version-history":[{"count":5,"href":"https:\/\/multiboxeantibes.com\/index.php\/wp-json\/wp\/v2\/pages\/9\/revisions"}],"predecessor-version":[{"id":214,"href":"https:\/\/multiboxeantibes.com\/index.php\/wp-json\/wp\/v2\/pages\/9\/revisions\/214"}],"wp:attachment":[{"href":"https:\/\/multiboxeantibes.com\/index.php\/wp-json\/wp\/v2\/media?parent=9"}],"curies":[{"name":"wp","href":"https:\/\/api.w.org\/{rel}","templated":true}]}}