{"id":73,"date":"2017-09-05T19:07:29","date_gmt":"2017-09-05T17:07:29","guid":{"rendered":"http:\/\/multiboxeantibes.com\/?page_id=73"},"modified":"2017-09-07T10:27:19","modified_gmt":"2017-09-07T08:27:19","slug":"la-salle-et-les-horaires","status":"publish","type":"page","link":"https:\/\/multiboxeantibes.com\/index.php\/la-salle-et-les-horaires\/","title":{"rendered":"La salle et les horaires"},"content":{"rendered":"<h1><span style=\"color: #000080;\">La salle\u00a0<\/span><\/h1>\n<hr \/>\n<p>Situ\u00e9 en plein coeur de la zone des 3 moulins \u00e0 Antibes, notre dojo se situe au sein de l&rsquo;Azurarena d&rsquo;Antibes.<\/p>\n<p>Accessible en 10 minutes depuis Sophia Antipolis, de Mougins et de Valbonne, avec un parking facile d&rsquo;acc\u00e8s et \u00e0 proximit\u00e9, \u00a0nous disposons de 2 vestiaires avec douches, de 4 grands sacs de frappes et d&rsquo;une r\u00e9serve pour stocker notre mat\u00e9riel p\u00e9dagogique.<\/p>\n<p>L&rsquo;Azurarena est une place forte du sport Antibois, depuis sa construction celle-ci h\u00e9berge le club de basket professionnel les Sharks d&rsquo;Antibes dont certains joueurs ou anciens joueurs s\u2019entrainent \u00e0 nos c\u00f4t\u00e9s.<\/p>\n<h1><span style=\"color: #000080;\">Les horaires<\/span><\/h1>\n<hr \/>\n<p>Nos cours sont dispens\u00e9s le mardi et jeudi de 12h15 \u00e0 13h30.<\/p>\n<p>Ces horaires sont tr\u00e8s appr\u00e9ci\u00e9s par nos adh\u00e9rents. En effet, ils leurs permettent de profiter de leur pause d\u00e9jeuner pour pratiquer une activit\u00e9 physique mais surtout de ne pas encombrer leurs soir\u00e9es. Gr\u00e2ce \u00e0 cela, ils peuvent beaucoup plus facilement profiter de leurs familles.<\/p>\n","protected":false},"excerpt":{"rendered":"<p>La salle\u00a0 Situ\u00e9 en plein coeur de la zone des 3 moulins \u00e0 Antibes, notre dojo se situe au sein de l&rsquo;Azurarena d&rsquo;Antibes. Accessible en 10 minutes depuis Sophia Antipolis, de Mougins et de Valbonne, avec un parking facile d&rsquo;acc\u00e8s et \u00e0 proximit\u00e9, \u00a0nous disposons de 2 vestiaires avec douches, de 4 grands sacs de &hellip; <\/p>\n<p class=\"link-more\"><a href=\"https:\/\/multiboxeantibes.com\/index.php\/la-salle-et-les-horaires\/\" class=\"more-link\">Continuer la lecture<span class=\"screen-reader-text\"> de &laquo;&nbsp;La salle et les horaires&nbsp;&raquo;<\/span><\/a><\/p>\n","protected":false},"author":1,"featured_media":59,"parent":0,"menu_order":0,"comment_status":"closed","ping_status":"closed","template":"","meta":{"footnotes":""},"class_list":["post-73","page","type-page","status-publish","has-post-thumbnail","hentry"],"_links":{"self":[{"href":"https:\/\/multiboxeantibes.com\/index.php\/wp-json\/wp\/v2\/pages\/73","targetHints":{"allow":["GET"]}}],"collection":[{"href":"https:\/\/multiboxeantibes.com\/index.php\/wp-json\/wp\/v2\/pages"}],"about":[{"href":"https:\/\/multiboxeantibes.com\/index.php\/wp-json\/wp\/v2\/types\/page"}],"author":[{"embeddable":true,"href":"https:\/\/multiboxeantibes.com\/index.php\/wp-json\/wp\/v2\/users\/1"}],"replies":[{"embeddable":true,"href":"https:\/\/multiboxeantibes.com\/index.php\/wp-json\/wp\/v2\/comments?post=73"}],"version-history":[{"count":4,"href":"https:\/\/multiboxeantibes.com\/index.php\/wp-json\/wp\/v2\/pages\/73\/revisions"}],"predecessor-version":[{"id":135,"href":"https:\/\/multiboxeantibes.com\/index.php\/wp-json\/wp\/v2\/pages\/73\/revisions\/135"}],"wp:featuredmedia":[{"embeddable":true,"href":"https:\/\/multiboxeantibes.com\/index.php\/wp-json\/wp\/v2\/media\/59"}],"wp:attachment":[{"href":"https:\/\/multiboxeantibes.com\/index.php\/wp-json\/wp\/v2\/media?parent=73"}],"curies":[{"name":"wp","href":"https:\/\/api.w.org\/{rel}","templated":true}]}}