{"id":7,"date":"2017-09-05T17:57:51","date_gmt":"2017-09-05T15:57:51","guid":{"rendered":"http:\/\/multiboxeantibes.com\/?page_id=7"},"modified":"2021-05-16T21:53:09","modified_gmt":"2021-05-16T19:53:09","slug":"accueil","status":"publish","type":"page","link":"https:\/\/multiboxeantibes.com\/","title":{"rendered":"Accueil"},"content":{"rendered":"<h1 class=\"section-title\" style=\"text-align: center;\"><img loading=\"lazy\" decoding=\"async\" class=\"alignnone size-medium wp-image-202\" src=\"https:\/\/multiboxeantibes.com\/wp-content\/uploads\/2021\/05\/cropped-logo_android-300x300.png\" alt=\"\" width=\"300\" height=\"300\" srcset=\"https:\/\/multiboxeantibes.com\/wp-content\/uploads\/2021\/05\/cropped-logo_android-300x300.png 300w, https:\/\/multiboxeantibes.com\/wp-content\/uploads\/2021\/05\/cropped-logo_android-150x150.png 150w, https:\/\/multiboxeantibes.com\/wp-content\/uploads\/2021\/05\/cropped-logo_android-100x100.png 100w, https:\/\/multiboxeantibes.com\/wp-content\/uploads\/2021\/05\/cropped-logo_android-270x270.png 270w, https:\/\/multiboxeantibes.com\/wp-content\/uploads\/2021\/05\/cropped-logo_android-192x192.png 192w, https:\/\/multiboxeantibes.com\/wp-content\/uploads\/2021\/05\/cropped-logo_android-180x180.png 180w, https:\/\/multiboxeantibes.com\/wp-content\/uploads\/2021\/05\/cropped-logo_android-32x32.png 32w, https:\/\/multiboxeantibes.com\/wp-content\/uploads\/2021\/05\/cropped-logo_android.png 512w\" sizes=\"auto, (max-width: 300px) 100vw, 300px\" \/><\/h1>\n<h1 class=\"section-title\" style=\"text-align: center;\">Le Club Multi Boxe Antibes<\/h1>\n<div class=\"col-sm-4 col-sm-push-8 text-center\"><\/div>\n<div class=\"col-sm-8 col-sm-pull-4\">\n<p><span class=\"dropcaps\">C<\/span>r\u00e9\u00e9 en 2017, le Club Multi Boxe Antibes est un club d\u00e9di\u00e9 \u00e0 la pratique des sports de percussions, le K1 et le Kickboxing sont les disciplines que nous enseignons.<\/p>\n<p>L&rsquo;enseignement de ces diff\u00e9rentes disciplines nous permet d&rsquo;assurer la vari\u00e9t\u00e9 des entra\u00eenements, chaque discipline a son rythme, ses distances, ses frappes mais aussi son histoire. Afin de pr\u00e9server votre motivation, nous nous effor\u00e7ons d&rsquo;\u00eatre polyvalent afin d&rsquo;offrir une exp\u00e9rience sportive intense, dynamique et vari\u00e9e.<\/p>\n<p>Nous enseignons dans une ambiance d\u00e9tendue car nous pensons que celle ci n&rsquo;est pas incompatible avec la performance!<\/p>\n<p>Vos objectifs sont les n\u00f4tres, et pour une pratique optimale dans laquelle chacun pourra trouver les sensations et objectifs recherch\u00e9s, nos cours sont \u00a0ouvert \u00e0 toutes et \u00e0 tous!<\/p>\n<p>Adh\u00e9rer \u00e0 notre association, c&rsquo;est tout d&rsquo;abord int\u00e9grer une Famille! Une famille ou chacun apporte sa joie de vivre, son exp\u00e9rience, sa motivation et sa volont\u00e9 \u00e0 se d\u00e9passer.<\/p>\n<\/div>\n","protected":false},"excerpt":{"rendered":"<p>Le Club Multi Boxe Antibes Cr\u00e9\u00e9 en 2017, le Club Multi Boxe Antibes est un club d\u00e9di\u00e9 \u00e0 la pratique des sports de percussions, le K1 et le Kickboxing sont les disciplines que nous enseignons. L&rsquo;enseignement de ces diff\u00e9rentes disciplines nous permet d&rsquo;assurer la vari\u00e9t\u00e9 des entra\u00eenements, chaque discipline a son rythme, ses distances, ses &hellip; <\/p>\n<p class=\"link-more\"><a href=\"https:\/\/multiboxeantibes.com\/\" class=\"more-link\">Continuer la lecture<span class=\"screen-reader-text\"> de &laquo;&nbsp;Accueil&nbsp;&raquo;<\/span><\/a><\/p>\n","protected":false},"author":1,"featured_media":0,"parent":0,"menu_order":0,"comment_status":"closed","ping_status":"closed","template":"","meta":{"footnotes":""},"class_list":["post-7","page","type-page","status-publish","hentry"],"_links":{"self":[{"href":"https:\/\/multiboxeantibes.com\/index.php\/wp-json\/wp\/v2\/pages\/7","targetHints":{"allow":["GET"]}}],"collection":[{"href":"https:\/\/multiboxeantibes.com\/index.php\/wp-json\/wp\/v2\/pages"}],"about":[{"href":"https:\/\/multiboxeantibes.com\/index.php\/wp-json\/wp\/v2\/types\/page"}],"author":[{"embeddable":true,"href":"https:\/\/multiboxeantibes.com\/index.php\/wp-json\/wp\/v2\/users\/1"}],"replies":[{"embeddable":true,"href":"https:\/\/multiboxeantibes.com\/index.php\/wp-json\/wp\/v2\/comments?post=7"}],"version-history":[{"count":11,"href":"https:\/\/multiboxeantibes.com\/index.php\/wp-json\/wp\/v2\/pages\/7\/revisions"}],"predecessor-version":[{"id":212,"href":"https:\/\/multiboxeantibes.com\/index.php\/wp-json\/wp\/v2\/pages\/7\/revisions\/212"}],"wp:attachment":[{"href":"https:\/\/multiboxeantibes.com\/index.php\/wp-json\/wp\/v2\/media?parent=7"}],"curies":[{"name":"wp","href":"https:\/\/api.w.org\/{rel}","templated":true}]}}