{"id":188,"date":"2018-08-29T22:58:17","date_gmt":"2018-08-29T20:58:17","guid":{"rendered":"http:\/\/multiboxeantibes.com\/?page_id=188"},"modified":"2025-09-01T17:55:32","modified_gmt":"2025-09-01T15:55:32","slug":"reprise-des-cours","status":"publish","type":"page","link":"https:\/\/multiboxeantibes.com\/index.php\/reprise-des-cours\/","title":{"rendered":"Reprise des cours"},"content":{"rendered":"<div class=\"wp-block-image is-style-default\">\n<figure class=\"aligncenter size-large\"><img loading=\"lazy\" decoding=\"async\" width=\"1024\" height=\"536\" src=\"https:\/\/multiboxeantibes.com\/wp-content\/uploads\/2023\/08\/My-Post-1-1024x536.png\" alt=\"\" class=\"wp-image-242\" srcset=\"https:\/\/multiboxeantibes.com\/wp-content\/uploads\/2023\/08\/My-Post-1-1024x536.png 1024w, https:\/\/multiboxeantibes.com\/wp-content\/uploads\/2023\/08\/My-Post-1-300x157.png 300w, https:\/\/multiboxeantibes.com\/wp-content\/uploads\/2023\/08\/My-Post-1-768x402.png 768w, https:\/\/multiboxeantibes.com\/wp-content\/uploads\/2023\/08\/My-Post-1.png 1200w\" sizes=\"auto, (max-width: 767px) 89vw, (max-width: 1000px) 54vw, (max-width: 1071px) 543px, 580px\" \/><\/figure><\/div>\n\n\n<div class=\"wp-block-brad-border-box\">\t\t\t<iframe\n\t\t\t\tid=\"idIframe\"\n\t\t\t\tsrc=\"https:\/\/www.helloasso.com\/associations\/club-multi-boxe-antibes\/adhesions\/adhesion-annuelle-2025-2026\/widget\"\n\t\t\t\theight=750px\"\t\t\t\twidth=100%\"\t\t\t\tframeborder=\"0\"\n\t\t\t\tloading=\"lazy\"\n\t\t\t\tallowtransparency=\"true\"\n\t\t\t\tonload=\"resizeIframeMessage()\"><\/iframe>\n<\/div>\n\n\n<h2 style=\"text-align: center;\">INFOS REPRISE<\/h2>\n<p style=\"text-align: center;\"><span class=\"d2edcug0 hpfvmrgz qv66sw1b c1et5uql lr9zc1uh a8c37x1j keod5gw0 nxhoafnm aigsh9s9 d3f4x2em fe6kdd0r mau55g9w c8b282yb iv3no6db jq4qci2q a3bd9o3v b1v8xokw oo9gr5id\" dir=\"auto\">Nous sommes de retour le <strong>Mardi 09septembre \u00e0 12h15 !<\/strong><\/span><\/p>\n<p>Les inscriptions se font uniquement en ligne via le lien ci-dessus\u00a0<\/p>\n<p><strong>Adh\u00e9sion \u00e0 260\u20ac pour les 10 premiers inscrits !!!<\/strong><\/p>\n<p>Les adh\u00e9sions mensuelles n&rsquo;ouvriront qu&rsquo;\u00e0 compter du 1er Novembre afin de favoriser les personnes et laisser la place aux adh\u00e9rents souhaitant s&rsquo;engager \u00e0 l&rsquo;ann\u00e9e.<\/p>\n<p>Les cours sont le mardi et jeudi de 12h15 \u00e0 13h30 du 09 septembre 2025 au jeudi 02 juillet 2026 y compris pendant les vacances scolaires hormis les vacances de No\u00ebl o\u00f9 le complexe est ferm\u00e9.<\/p>\n<p>Un certificat m\u00e9dical de non contre indication \u00e0 la pratique du Kickboxing est n\u00e9cessaire, il sera \u00e0 fournir dans le formulaire pour valid\u00e9 votre inscription.<\/p>\n<p>Les \u00e9quipements n\u00e9cessaires pour la pratique :<br \/>&#8211; Gants de boxe (minimum 10oz pour les femmes, minimum 12oz pour les hommes) ;<br \/>&#8211; Prot\u00e8ges tibias ;<br \/>&#8211; Bandes ;<br \/>&#8211; Prot\u00e8ge dents.<\/p>\n<p>En adh\u00e9rant \u00e0 notre association vous allez pouvoir b\u00e9n\u00e9ficier de 20% de r\u00e9duction sur toute la marque RINKAGE (<a class=\"oajrlxb2 g5ia77u1 qu0x051f esr5mh6w e9989ue4 r7d6kgcz rq0escxv nhd2j8a9 nc684nl6 p7hjln8o kvgmc6g5 cxmmr5t8 oygrvhab hcukyx3x jb3vyjys rz4wbd8a qt6c0cv9 a8nywdso i1ao9s8h esuyzwwr f1sip0of lzcic4wl py34i1dx gpro0wi8\" tabindex=\"0\" role=\"link\" href=\"https:\/\/l.facebook.com\/l.php?u=http%3A%2F%2Fwww.rinkage.com%2F%3Ffbclid%3DIwAR2-XvSwAoucVp04CIeE1aQX5X3o2qMehxITKBvLDxdt3K4n0I-rZ9XELAs&amp;h=AT198UUyaSkTJFyXJVxT3LCXi_1jlID863aRNLqPtQ8k021ipAeOmZC6ij2AuV8fQP4ZygtEOIaBxDN-Trb8U9hI7-zf5KVAn1jKYoTGZ88LS9WJHOiVXxIahIrqEZx8Iv9KnWSs-6bLOgRw8A&amp;__tn__=-UK*F&amp;c[0]=AT3--Y1HaSRkQ8DANTAIHWblCnt7mHJWKfSZ97ce4kLpWkOMidoHqD-h1nEGtNhODzuYvwwKZF2gx6fv9JbFcqTd0doVBk60wS5JycKSzyzNdHnOL-5axnhO-LOQMDnLj5uWuFMA_90OfPFEjf6avqKO9waUXtrTMe1khn4XgACxnCP_7MC_dSLBoEIiD8Fft2p6hbBXj0VcdIbpB1tBmqoZ\" target=\"_blank\" rel=\"nofollow noopener\">www.rinkage.com<\/a>)<\/p>\n<p>Pour cela il faut ins\u00e9rer le code parrainage au moment de la cr\u00e9ation de votre compte! Il ne vous sera pas possible de l&rsquo;ins\u00e9rer plus tard&#8230;<br \/>Il faudra ensuite choisir la r\u00e9duction lors de la validation de votre panier d&rsquo;achat.<\/p>\n<p>Code parrainage : 3037208<\/p>\n<p style=\"text-align: center;\">H\u00e2te de vous retrouver<\/p>\n<p style=\"text-align: center;\">Tenez vous informer sur notre page\u00a0 Instagram et Facebook pour \u00eatre au courant des derni\u00e8res nouvelles du club!<\/p>","protected":false},"excerpt":{"rendered":"<p>INFOS REPRISE Nous sommes de retour le Mardi 09septembre \u00e0 12h15 ! Les inscriptions se font uniquement en ligne via le lien ci-dessus\u00a0 Adh\u00e9sion \u00e0 260\u20ac pour les 10 premiers inscrits !!! Les adh\u00e9sions mensuelles n&rsquo;ouvriront qu&rsquo;\u00e0 compter du 1er Novembre afin de favoriser les personnes et laisser la place aux adh\u00e9rents souhaitant s&rsquo;engager \u00e0 &hellip; <\/p>\n<p class=\"link-more\"><a href=\"https:\/\/multiboxeantibes.com\/index.php\/reprise-des-cours\/\" class=\"more-link\">Continuer la lecture<span class=\"screen-reader-text\"> de &laquo;&nbsp;Reprise des cours&nbsp;&raquo;<\/span><\/a><\/p>\n","protected":false},"author":1,"featured_media":0,"parent":0,"menu_order":0,"comment_status":"closed","ping_status":"closed","template":"","meta":{"footnotes":""},"class_list":["post-188","page","type-page","status-publish","hentry"],"_links":{"self":[{"href":"https:\/\/multiboxeantibes.com\/index.php\/wp-json\/wp\/v2\/pages\/188","targetHints":{"allow":["GET"]}}],"collection":[{"href":"https:\/\/multiboxeantibes.com\/index.php\/wp-json\/wp\/v2\/pages"}],"about":[{"href":"https:\/\/multiboxeantibes.com\/index.php\/wp-json\/wp\/v2\/types\/page"}],"author":[{"embeddable":true,"href":"https:\/\/multiboxeantibes.com\/index.php\/wp-json\/wp\/v2\/users\/1"}],"replies":[{"embeddable":true,"href":"https:\/\/multiboxeantibes.com\/index.php\/wp-json\/wp\/v2\/comments?post=188"}],"version-history":[{"count":15,"href":"https:\/\/multiboxeantibes.com\/index.php\/wp-json\/wp\/v2\/pages\/188\/revisions"}],"predecessor-version":[{"id":255,"href":"https:\/\/multiboxeantibes.com\/index.php\/wp-json\/wp\/v2\/pages\/188\/revisions\/255"}],"wp:attachment":[{"href":"https:\/\/multiboxeantibes.com\/index.php\/wp-json\/wp\/v2\/media?parent=188"}],"curies":[{"name":"wp","href":"https:\/\/api.w.org\/{rel}","templated":true}]}}